
{"id":101266,"date":"2021-04-19T11:25:33","date_gmt":"2021-04-19T09:25:33","guid":{"rendered":"https:\/\/inmont.it\/?page_id=101266"},"modified":"2021-05-03T13:59:06","modified_gmt":"2021-05-03T11:59:06","slug":"massimo-candolini","status":"publish","type":"page","link":"https:\/\/inmont.it\/en\/massimo-candolini\/","title":{"rendered":"Massimo Candolini"},"content":{"rendered":"<p>[vc_row full_width=&#8221;stretch_row&#8221; el_class=&#8221;testata-pagina-guidainmont&#8221; css=&#8221;.vc_custom_1584204354260{background-image: url(https:\/\/inmont.it\/wp-content\/uploads\/2016\/11\/testata-massimo-candolini.jpg?id=2256) !important;}&#8221;][vc_column][vc_raw_html]JTNDZGl2JTIwY2xhc3MlM0QlMjJ0aXRvbG8tdGVzdGF0YS1wYWdpbmElMjB0ZXN0by1jZW50cmFsZSUyMiUzRSUwQSUzQ2gxJTNFTUFTU0lNTyUzQ2JyJTNFQ0FORE9MSU5JJTNDJTJGaDElM0UlMEElM0MlMkZkaXYlM0U=[\/vc_raw_html][\/vc_column][\/vc_row][vc_row full_width=&#8221;stretch_row&#8221; el_class=&#8221;corpo-biografia&#8221; css=&#8221;.vc_custom_1584204569957{background-position: center !important;background-repeat: no-repeat !important;background-size: cover !important;}&#8221;][vc_column][vc_row_inner el_class=&#8221;contenuti-biografia&#8221;][vc_column_inner width=&#8221;1\/2&#8243;]<div class=\"title title--big titolo-blu-grande\">\n\t\t<h3 class=\"title__primary\">Biography<\/h3>\n<\/div>\n[vc_column_text el_class=&#8221;testo-biografia&#8221;]I\u2019ve been mountaineering since I was a child and I have scaled many peaks in the Alps, with a preference for winter, especially for ski touring, steep skiing and hut-to-hut skiing.<\/p>\n<p>In 2001, at the age of 37, after many years of corporate work, I took the National Mountain Guide Course, becoming a professional in 2003.<\/p>\n<p>In 2010, my friends and colleagues Guido and Gianni and I created and founded inMont, with the desire to share our love of mountaineering. And it was precisely this idea of sharing that led to me writing guides on climbing, ski touring and hiking, in which I describe my beautiful homeland, the Friuli region.[\/vc_column_text][\/vc_column_inner][vc_column_inner width=&#8221;1\/2&#8243;][vc_single_image image=&#8221;2260&#8243; img_size=&#8221;full&#8221;][\/vc_column_inner][\/vc_row_inner][vc_row_inner][vc_column_inner][vc_column_text]Thus, I have skied and climbed for love and work, travelling all over the Alps for months with friends and clients from Italy, Britain and America. My journey has taken me from the sheer walls of the Verdon to the yellow walls of the Dolomites, from the grey limestone of the Carnic Alps to the red granite of Mont Blanc, from ski slopes down to the sea in Norway up to the peaks at 6000 m of the Cordillera Blanca in Peru, along mixed terrain crests and icy goulottes, rocky walls and white slopes.<\/p>\n<p>Today, at over 50, after dozens of trips around the world, after 10 years of traditional Mountain Guide work, after teaching many people the basics and secrets of mountaineering, my passion is as strong as ever. In fact, I am drawn back to my roots and I feel a new-found urge to trace perfect lines in the deep snow of far-off and unspoilt places, such as Alaska, Greenland, the Antarctic and who knows where else![\/vc_column_text][\/vc_column_inner][\/vc_row_inner][vc_row_inner el_class=&#8221;contenitore-immagini-12terzi&#8221;][vc_column_inner width=&#8221;1\/3&#8243;][vc_single_image image=&#8221;2674&#8243; img_size=&#8221;full&#8221; el_class=&#8221;immagine-unterzo&#8221;][\/vc_column_inner][vc_column_inner width=&#8221;2\/3&#8243;][vc_single_image image=&#8221;2675&#8243; img_size=&#8221;full&#8221; el_class=&#8221;immagine-dueterzi&#8221;][\/vc_column_inner][\/vc_row_inner][vc_row_inner disable_element=&#8221;yes&#8221; el_class=&#8221;contenitore-titoli-salita&#8221;][vc_column_inner]<div class=\"title title--big titolo-blu-grande\">\n\t\t<h3 class=\"title__primary\">Le mie salite favorite<\/h3>\n<\/div>\n<div class=\"title title--big sottotitolo-azzurro\">\n\t\t<h3 class=\"title__primary\">La gita perfetta<\/h3>\n<\/div>\n<div class=\"title title--big testogrande-nero\">\n\t\t<h3 class=\"title__primary\">Sammisoq Fjord, Groenlandia<\/h3>\n<\/div>\n[\/vc_column_inner][\/vc_row_inner][vc_row_inner disable_element=&#8221;yes&#8221; el_class=&#8221;contenitore-testo-salita&#8221;][vc_column_inner][vc_column_text el_class=&#8221;testo-salita&#8221;]<strong>Aprile 2015, West Greenland<\/strong><br \/>\nNon conosco il nome esatto della vetta che abbiamo raggiunto, perch\u00e9 non c\u2019\u00e8, come d\u2019altronde per altre migliaia di vette delle montagne della Groenlandia. Le condizioni? Giornata soleggiata e fresca, neve abbondante e fredda, panorama a 360 gradi e dal mare alla cima, nessuna traccia, nessun altro in giro. Le informazioni? Pi\u00f9 o meno queste: \u201csali e dopo un po\u2019 giri a destra fino alla vetta. Si dovrebbe poter scendere direttamente sul ghiacciaio a nord, prova a vedere\u2026\u201d<\/p>\n<p><strong>Dislivello: 1450 m<\/strong><\/p>\n<p><strong>Difficolt\u00e0: BSA<\/strong><\/p>\n<p><strong>Esposizione: Nord Est<\/strong><\/p>\n<p><strong>Quota: 1450 m<\/strong><\/p>\n<p><strong>Accesso:<\/strong> Groenlandia, contea di Manitsooq. Con il veliero Rembrandt Van Rijn due giorni di navigazione verso l\u2019Evighedsfjordn (chiamato in inglese Eternity Fjiord) fino al Sammisoq Fiorden.<\/p>\n<p><strong>Itinerario:<\/strong> si sbarca alla base del Tuumap Sermia, il grande ghiacciaio che si risale centralmente fino a 800 m di quota circa. Si volge a destra abbandonando il ghiacciaio per risalire una lunga e regolare spalla fino alla vetta, che regala un panorama indescrivibile, con l\u2019ansa del fiordo 1400 m pi\u00f9 in basso.<\/p>\n<p><strong>Discesa:<\/strong> si scende la dorsale, inizialmente non ampia, in direzione dell\u2019ansa del fiordo (sembra impossibile, ma si passa senza particolari problemi). Sceso un tratto pi\u00f9 ripido la dorsale si allarga e permette una sciata entusiasmante. Raggiunto il ghiacciaio lo si percorre interamente, prima sulla destra, poi verso il basso a sinistra, fino al fiordo.[\/vc_column_text][\/vc_column_inner][\/vc_row_inner][vc_row_inner disable_element=&#8221;yes&#8221; el_class=&#8221;galleria&#8221;][vc_column_inner][vc_column_text][ess_grid alias=&#8221;massimo-candolini-salita-groenlandia&#8221;][\/vc_column_text][\/vc_column_inner][\/vc_row_inner][vc_row_inner disable_element=&#8221;yes&#8221; el_class=&#8221;contenitore-titoli-salita&#8221;][vc_column_inner]<div class=\"title title--big sottotitolo-azzurro\">\n\t\t<h3 class=\"title__primary\">L\u2019amicizia e la magia<\/h3>\n<\/div>\n<div class=\"title title--big testogrande-nero\">\n\t\t<h3 class=\"title__primary\">Magia dello Jof Fuart<\/h3>\n<\/div>\n[\/vc_column_inner][\/vc_row_inner][vc_row_inner disable_element=&#8221;yes&#8221; el_class=&#8221;contenitore-testo-salita&#8221;][vc_column_inner][vc_column_text el_class=&#8221;testo-salita&#8221;]<strong>15 marzo 2005, Massimo Candolini, Alex Franco, Gianni Dorigo<\/strong><br \/>\n&#8220;Magia&#8221; perch\u00e9 il luogo \u00e8 magico, perch\u00e9 l\u00ec d&#8217;inverno \u00e8 tutto immobile e di cristallo. Ma il nome &#8220;Magia&#8221; \u00e8 soprattutto l&#8217;insieme delle iniziali MAssimo, GIanni, Alex, in una bellissima giornata di alpinismo e di sincera amicizia. Cascata in ambiente spettacolare, con un lungo avvicinamento, caratterizzata da due belle colate che vengono collegate da un traverso su misto.<\/p>\n<p><strong>Lunghezza: 150 m<\/strong><\/p>\n<p><strong>Difficolt\u00e0: IV, 5+, M6<\/strong><\/p>\n<p><strong>Esposizione: Nord<\/strong><\/p>\n<p><strong>Quota: 1800 m<\/strong><\/p>\n<p><strong>Accesso:<\/strong> Da Valbruna si risale la Val Saisera per circa 2Km, fino al sopra passo della pista di fondo. Di qui si segue la pista forestale per il rif. Pellarini (segnavia estivo n.616) raggiungendo la stazione di partenza della teleferica. Si procede sul sentiero che sale tagliando diagonalmente alla base di una fascia rocciosa e che, con strette svolte supera la ripida balza fino a sbucare alla base delle pareti delle Cime delle Rondini. Si raggiunge il rifugio, ben visibile sulla destra, traversando tra rada vegetazione e risalendo i pendii alla sua sinistra (ore 2.00). La cascata, ben visibile sotto la verticale della vetta del J\u00f4f Fuart, si raggiunge in circa un&#8217;ora dal rifugio.<\/p>\n<p><strong>Itinerario:<\/strong> salire la colata di destra con due lunghezze di corda (40 m 4, 20 m 4, SG). Traversare su ghiaccio verso sinistra e poi scendere per 5 metri fino ad una cengia nevosa. Percorrerla verso sinistra per 15 metri e appena possibile raggiungere il ghiaccio sotto la colata superiore (40m 4 M4, SG). Superare in dry tooling il tratto roccioso e verticale per raggiungere il ghiaccio della colata superiore (15m 5+ M6, SG). Proseguire lungo la cascata fino al suo termine (40m 5, SG).<\/p>\n<p><strong>Discesa:<\/strong> con una corda doppia da 60m (da attrezzare) si raggiunge il nevaio sottostante.[\/vc_column_text][\/vc_column_inner][\/vc_row_inner][vc_row_inner disable_element=&#8221;yes&#8221; el_class=&#8221;galleria&#8221;][vc_column_inner][vc_column_text][ess_grid alias=&#8221;massimo-candolini-salita-magiajoffuart&#8221;][\/vc_column_text][\/vc_column_inner][\/vc_row_inner][\/vc_column][\/vc_row]<\/p>\n","protected":false},"excerpt":{"rendered":"<p>[vc_row full_width=&#8221;stretch_row&#8221; el_class=&#8221;testata-pagina-guidainmont&#8221; css=&#8221;.vc_custom_1584204354260{background-image: url(https:\/\/inmont.it\/wp-content\/uploads\/2016\/11\/testata-massimo-candolini.jpg?id=2256) !important;}&#8221;][vc_column][vc_raw_html]JTNDZGl2JTIwY2xhc3MlM0QlMjJ0aXRvbG8tdGVzdGF0YS1wYWdpbmElMjB0ZXN0by1jZW50cmFsZSUyMiUzRSUwQSUzQ2gxJTNFTUFTU0lNTyUzQ2JyJTNFQ0FORE9MSU5JJTNDJTJGaDElM0UlMEElM0MlMkZkaXYlM0U=[\/vc_raw_html][\/vc_column][\/vc_row][vc_row full_width=&#8221;stretch_row&#8221; el_class=&#8221;corpo-biografia&#8221; css=&#8221;.vc_custom_1584204569957{background-position: center<\/p>\n<div class=\"padding-top text-center\"><a href=\"https:\/\/inmont.it\/en\/massimo-candolini\/\" class=\"atbtn atbtn--medium atbtn--rounded atbtn--transparent\"><i class=\"atbtn__icon atbtn__icon--right fa fa-long-arrow-right\"><\/i><\/a><\/div>\n","protected":false},"author":1,"featured_media":0,"parent":0,"menu_order":0,"comment_status":"closed","ping_status":"closed","template":"","meta":{"footnotes":""},"class_list":["post-101266","page","type-page","status-publish","hentry"],"acf":[],"yoast_head":"<!-- This site is optimized with the Yoast SEO plugin v27.0 - https:\/\/yoast.com\/product\/yoast-seo-wordpress\/ -->\n<title>Massimo Candolini - inMont<\/title>\n<meta name=\"robots\" content=\"index, follow, max-snippet:-1, max-image-preview:large, max-video-preview:-1\" \/>\n<link rel=\"canonical\" href=\"https:\/\/inmont.it\/en\/massimo-candolini\/\" \/>\n<meta property=\"og:locale\" content=\"en_US\" \/>\n<meta property=\"og:type\" content=\"article\" \/>\n<meta property=\"og:title\" content=\"Massimo Candolini - inMont\" \/>\n<meta property=\"og:description\" content=\"[vc_row full_width=&#8221;stretch_row&#8221; el_class=&#8221;testata-pagina-guidainmont&#8221; css=&#8221;.vc_custom_1584204354260{background-image: url(https:\/\/inmont.it\/wp-content\/uploads\/2016\/11\/testata-massimo-candolini.jpg?id=2256) !important;}&#8221;][vc_column][vc_raw_html]JTNDZGl2JTIwY2xhc3MlM0QlMjJ0aXRvbG8tdGVzdGF0YS1wYWdpbmElMjB0ZXN0by1jZW50cmFsZSUyMiUzRSUwQSUzQ2gxJTNFTUFTU0lNTyUzQ2JyJTNFQ0FORE9MSU5JJTNDJTJGaDElM0UlMEElM0MlMkZkaXYlM0U=[\/vc_raw_html][\/vc_column][\/vc_row][vc_row full_width=&#8221;stretch_row&#8221; el_class=&#8221;corpo-biografia&#8221; css=&#8221;.vc_custom_1584204569957{background-position: center\" \/>\n<meta property=\"og:url\" content=\"https:\/\/inmont.it\/en\/massimo-candolini\/\" \/>\n<meta property=\"og:site_name\" content=\"inMont\" \/>\n<meta property=\"article:publisher\" content=\"https:\/\/www.facebook.com\/InMont-Guide-Alpine-Scuola-di-Alpinismo-181967621829146\/?fref=ts\" \/>\n<meta property=\"article:modified_time\" content=\"2021-05-03T11:59:06+00:00\" \/>\n<meta name=\"twitter:card\" content=\"summary_large_image\" \/>\n<meta name=\"twitter:label1\" content=\"Est. reading time\" \/>\n\t<meta name=\"twitter:data1\" content=\"4 minutes\" \/>\n<script type=\"application\/ld+json\" class=\"yoast-schema-graph\">{\"@context\":\"https:\/\/schema.org\",\"@graph\":[{\"@type\":\"WebPage\",\"@id\":\"https:\/\/inmont.it\/en\/massimo-candolini\/\",\"url\":\"https:\/\/inmont.it\/en\/massimo-candolini\/\",\"name\":\"Massimo Candolini - inMont\",\"isPartOf\":{\"@id\":\"https:\/\/inmont.it\/en\/#website\"},\"datePublished\":\"2021-04-19T09:25:33+00:00\",\"dateModified\":\"2021-05-03T11:59:06+00:00\",\"breadcrumb\":{\"@id\":\"https:\/\/inmont.it\/en\/massimo-candolini\/#breadcrumb\"},\"inLanguage\":\"en-US\",\"potentialAction\":[{\"@type\":\"ReadAction\",\"target\":[\"https:\/\/inmont.it\/en\/massimo-candolini\/\"]}]},{\"@type\":\"BreadcrumbList\",\"@id\":\"https:\/\/inmont.it\/en\/massimo-candolini\/#breadcrumb\",\"itemListElement\":[{\"@type\":\"ListItem\",\"position\":1,\"name\":\"Home\",\"item\":\"https:\/\/inmont.it\/en\/\"},{\"@type\":\"ListItem\",\"position\":2,\"name\":\"Massimo Candolini\"}]},{\"@type\":\"WebSite\",\"@id\":\"https:\/\/inmont.it\/en\/#website\",\"url\":\"https:\/\/inmont.it\/en\/\",\"name\":\"inMont\",\"description\":\"Guide Alpine | Scuola di Alpinismo | Viaggi Avventura\",\"publisher\":{\"@id\":\"https:\/\/inmont.it\/en\/#organization\"},\"potentialAction\":[{\"@type\":\"SearchAction\",\"target\":{\"@type\":\"EntryPoint\",\"urlTemplate\":\"https:\/\/inmont.it\/en\/?s={search_term_string}\"},\"query-input\":{\"@type\":\"PropertyValueSpecification\",\"valueRequired\":true,\"valueName\":\"search_term_string\"}}],\"inLanguage\":\"en-US\"},{\"@type\":\"Organization\",\"@id\":\"https:\/\/inmont.it\/en\/#organization\",\"name\":\"InMont \/Guide Alpine\/Scuola di Alpinismo\/Viaggi Avventura\",\"url\":\"https:\/\/inmont.it\/en\/\",\"logo\":{\"@type\":\"ImageObject\",\"inLanguage\":\"en-US\",\"@id\":\"https:\/\/inmont.it\/en\/#\/schema\/logo\/image\/\",\"url\":\"https:\/\/inmont.it\/wp-content\/uploads\/2016\/04\/logo-inmont-e1587224560635.jpg\",\"contentUrl\":\"https:\/\/inmont.it\/wp-content\/uploads\/2016\/04\/logo-inmont-e1587224560635.jpg\",\"width\":120,\"height\":120,\"caption\":\"InMont \/Guide Alpine\/Scuola di Alpinismo\/Viaggi Avventura\"},\"image\":{\"@id\":\"https:\/\/inmont.it\/en\/#\/schema\/logo\/image\/\"},\"sameAs\":[\"https:\/\/www.facebook.com\/InMont-Guide-Alpine-Scuola-di-Alpinismo-181967621829146\/?fref=ts\",\"https:\/\/www.instagram.com\/inmont.web\/\",\"https:\/\/www.youtube.com\/channel\/UC7c_B7gyHDV1jXfZ1G4sgRA\"]}]}<\/script>\n<!-- \/ Yoast SEO plugin. -->","yoast_head_json":{"title":"Massimo Candolini - inMont","robots":{"index":"index","follow":"follow","max-snippet":"max-snippet:-1","max-image-preview":"max-image-preview:large","max-video-preview":"max-video-preview:-1"},"canonical":"https:\/\/inmont.it\/en\/massimo-candolini\/","og_locale":"en_US","og_type":"article","og_title":"Massimo Candolini - inMont","og_description":"[vc_row full_width=&#8221;stretch_row&#8221; el_class=&#8221;testata-pagina-guidainmont&#8221; css=&#8221;.vc_custom_1584204354260{background-image: url(https:\/\/inmont.it\/wp-content\/uploads\/2016\/11\/testata-massimo-candolini.jpg?id=2256) !important;}&#8221;][vc_column][vc_raw_html]JTNDZGl2JTIwY2xhc3MlM0QlMjJ0aXRvbG8tdGVzdGF0YS1wYWdpbmElMjB0ZXN0by1jZW50cmFsZSUyMiUzRSUwQSUzQ2gxJTNFTUFTU0lNTyUzQ2JyJTNFQ0FORE9MSU5JJTNDJTJGaDElM0UlMEElM0MlMkZkaXYlM0U=[\/vc_raw_html][\/vc_column][\/vc_row][vc_row full_width=&#8221;stretch_row&#8221; el_class=&#8221;corpo-biografia&#8221; css=&#8221;.vc_custom_1584204569957{background-position: center","og_url":"https:\/\/inmont.it\/en\/massimo-candolini\/","og_site_name":"inMont","article_publisher":"https:\/\/www.facebook.com\/InMont-Guide-Alpine-Scuola-di-Alpinismo-181967621829146\/?fref=ts","article_modified_time":"2021-05-03T11:59:06+00:00","twitter_card":"summary_large_image","twitter_misc":{"Est. reading time":"4 minutes"},"schema":{"@context":"https:\/\/schema.org","@graph":[{"@type":"WebPage","@id":"https:\/\/inmont.it\/en\/massimo-candolini\/","url":"https:\/\/inmont.it\/en\/massimo-candolini\/","name":"Massimo Candolini - inMont","isPartOf":{"@id":"https:\/\/inmont.it\/en\/#website"},"datePublished":"2021-04-19T09:25:33+00:00","dateModified":"2021-05-03T11:59:06+00:00","breadcrumb":{"@id":"https:\/\/inmont.it\/en\/massimo-candolini\/#breadcrumb"},"inLanguage":"en-US","potentialAction":[{"@type":"ReadAction","target":["https:\/\/inmont.it\/en\/massimo-candolini\/"]}]},{"@type":"BreadcrumbList","@id":"https:\/\/inmont.it\/en\/massimo-candolini\/#breadcrumb","itemListElement":[{"@type":"ListItem","position":1,"name":"Home","item":"https:\/\/inmont.it\/en\/"},{"@type":"ListItem","position":2,"name":"Massimo Candolini"}]},{"@type":"WebSite","@id":"https:\/\/inmont.it\/en\/#website","url":"https:\/\/inmont.it\/en\/","name":"inMont","description":"Guide Alpine | Scuola di Alpinismo | Viaggi Avventura","publisher":{"@id":"https:\/\/inmont.it\/en\/#organization"},"potentialAction":[{"@type":"SearchAction","target":{"@type":"EntryPoint","urlTemplate":"https:\/\/inmont.it\/en\/?s={search_term_string}"},"query-input":{"@type":"PropertyValueSpecification","valueRequired":true,"valueName":"search_term_string"}}],"inLanguage":"en-US"},{"@type":"Organization","@id":"https:\/\/inmont.it\/en\/#organization","name":"InMont \/Guide Alpine\/Scuola di Alpinismo\/Viaggi Avventura","url":"https:\/\/inmont.it\/en\/","logo":{"@type":"ImageObject","inLanguage":"en-US","@id":"https:\/\/inmont.it\/en\/#\/schema\/logo\/image\/","url":"https:\/\/inmont.it\/wp-content\/uploads\/2016\/04\/logo-inmont-e1587224560635.jpg","contentUrl":"https:\/\/inmont.it\/wp-content\/uploads\/2016\/04\/logo-inmont-e1587224560635.jpg","width":120,"height":120,"caption":"InMont \/Guide Alpine\/Scuola di Alpinismo\/Viaggi Avventura"},"image":{"@id":"https:\/\/inmont.it\/en\/#\/schema\/logo\/image\/"},"sameAs":["https:\/\/www.facebook.com\/InMont-Guide-Alpine-Scuola-di-Alpinismo-181967621829146\/?fref=ts","https:\/\/www.instagram.com\/inmont.web\/","https:\/\/www.youtube.com\/channel\/UC7c_B7gyHDV1jXfZ1G4sgRA"]}]}},"_links":{"self":[{"href":"https:\/\/inmont.it\/en\/wp-json\/wp\/v2\/pages\/101266","targetHints":{"allow":["GET"]}}],"collection":[{"href":"https:\/\/inmont.it\/en\/wp-json\/wp\/v2\/pages"}],"about":[{"href":"https:\/\/inmont.it\/en\/wp-json\/wp\/v2\/types\/page"}],"author":[{"embeddable":true,"href":"https:\/\/inmont.it\/en\/wp-json\/wp\/v2\/users\/1"}],"replies":[{"embeddable":true,"href":"https:\/\/inmont.it\/en\/wp-json\/wp\/v2\/comments?post=101266"}],"version-history":[{"count":5,"href":"https:\/\/inmont.it\/en\/wp-json\/wp\/v2\/pages\/101266\/revisions"}],"predecessor-version":[{"id":101453,"href":"https:\/\/inmont.it\/en\/wp-json\/wp\/v2\/pages\/101266\/revisions\/101453"}],"wp:attachment":[{"href":"https:\/\/inmont.it\/en\/wp-json\/wp\/v2\/media?parent=101266"}],"curies":[{"name":"wp","href":"https:\/\/api.w.org\/{rel}","templated":true}]}}