
{"id":101261,"date":"2021-04-19T11:20:32","date_gmt":"2021-04-19T09:20:32","guid":{"rendered":"https:\/\/inmont.it\/?page_id=101261"},"modified":"2021-04-19T11:21:11","modified_gmt":"2021-04-19T09:21:11","slug":"subscribe-to-the-newsletter","status":"publish","type":"page","link":"https:\/\/inmont.it\/en\/subscribe-to-the-newsletter\/","title":{"rendered":"Subscribe to the newsletter"},"content":{"rendered":"<p>[vc_row css=&#8221;.vc_custom_1610035565321{padding-top: 100px !important;padding-bottom: 100px !important;}&#8221;][vc_column width=&#8221;1\/6&#8243;][\/vc_column][vc_column width=&#8221;2\/3&#8243; el_class=&#8221;footer&#8221;][vc_column_text]<script>(function() {\n\twindow.mc4wp = window.mc4wp || {\n\t\tlisteners: [],\n\t\tforms: {\n\t\t\ton: function(evt, cb) {\n\t\t\t\twindow.mc4wp.listeners.push(\n\t\t\t\t\t{\n\t\t\t\t\t\tevent   : evt,\n\t\t\t\t\t\tcallback: cb\n\t\t\t\t\t}\n\t\t\t\t);\n\t\t\t}\n\t\t}\n\t}\n})();\n<\/script><!-- Mailchimp for WordPress v4.11.1 - https:\/\/wordpress.org\/plugins\/mailchimp-for-wp\/ --><form id=\"mc4wp-form-1\" class=\"mc4wp-form mc4wp-form-1793\" method=\"post\" data-id=\"1793\" data-name=\"ISCRIVITI ALLA NEWSLETTER\" ><div class=\"mc4wp-form-fields\"><div class=\"form_newsletter\">\r\n  \r\n  <div class=\"wpb_text_column wpb_content_element  decorazione-titolo\">\r\n\t\t<div class=\"wpb_wrapper\">\r\n\t\t\t\r\n<h2>ISCRIVITI ALLA NEWSLETTER<\/h2>\r\n\r\n\t\t<\/div>\r\n\t<\/div>\r\n  <div class=\"vc_row\">\r\n  <div class=\"col-md-6\">\r\n  \r\n\t<div class=\"riga_newsletter_1\">\r\n      <p>\r\n        Iscrivendoti alla nostra Newsletter potrai restare aggiornato a tutte le iniziative che organizziamo per te.\r\n      <\/p>\r\n      <input id=\"nome\" type=\"text\" name=\"FNAME\" placeholder=\"nome\" required \/>\r\n      <input id=\"cognome\" type=\"text\" name=\"LNAME\" placeholder=\"cognome\" required \/>\r\n\t<\/div>  \r\n\t<div class=\"riga_newsletter_2\">\t\r\n      <input id=\"cellulare\" type=\"text\" name=\"MMERGE3\" placeholder=\"cellulare\" required \/>      \r\n      <input id=\"email\" type=\"email\" name=\"EMAIL\" placeholder=\"email\" required \/>\r\n\t<\/div><\/div>\r\n    <div class=\"col-md-6\">\r\n      <div class=\"colonna-interessi\">\r\n<p>\r\n    Selezionando una o pi\u00f9 specialit\u00e0, riceverai gli aggiornamenti esclusivi delle tue attivit\u00e0 preferite.<\/p>\r\n    <p><label>\r\n        <input name=\"INTERESTS[edd460e469][]\" type=\"checkbox\" value=\"c2e452c8be\"> <span>Scialpinismo, freeride<\/span>\r\n    <\/label>\r\n    <label>\r\n        <input name=\"INTERESTS[edd460e469][]\" type=\"checkbox\" value=\"9141e2ce1b\"> <span>Arrampicata in falesia, salite su roccia in montagna<\/span>\r\n    <\/label>\r\n    <label>\r\n        <input name=\"INTERESTS[edd460e469][]\" type=\"checkbox\" value=\"525c3b8fe7\"> <span>Alta montagna, salite invernali, cascate di ghiaccio<\/span>\r\n    <\/label>\r\n    <label>\r\n        <input name=\"INTERESTS[edd460e469][]\" type=\"checkbox\" value=\"71a2f3ab11\"> <span>Canyoning<\/span>\r\n    <\/label>\r\n    <label>\r\n        <input name=\"INTERESTS[edd460e469][]\" type=\"checkbox\" value=\"b006085048\"> <span>Trekking, vie ferrate, escursioni con le ciaspe<\/span>\r\n    <\/label>\r\n    <label>\r\n        <input name=\"INTERESTS[edd460e469][]\" type=\"checkbox\" value=\"e1205a5622\"> <span>Viaggi avventura, spedizioni, trekking extraeuropei<\/span>\r\n    <\/label>\r\n<\/p>  \r\n         \r\n<\/div> <\/div>\r\n    <div style=\"margin-top:20px; margin-bottom:20px; float:left;\" class=\"col-md-12 text-center\"><div class=\"riga_accetta\">\r\n        <input type='checkbox' name='accetta_privacy' value='1' class='accetta_privacy' id='id-servizio' \/>\r\n        <label for='id-servizio'>Accetto la <a href=\"https:\/\/inmont.it\/trattamento-dati-personali\/\" target=\"_blank\" style=\"color:#000;\">Privacy Policy<\/a>      \r\n      <\/label>  <\/div> \r\n  \r\n  <input id=\"pulsante_invia\" type=\"submit\" value=\"INVIA\" disabled\/>\r\n\r\n\t<\/div><\/div><\/div><\/div><label style=\"display: none !important;\">Leave this field empty if you're human: <input type=\"text\" name=\"_mc4wp_honeypot\" value=\"\" tabindex=\"-1\" autocomplete=\"off\" \/><\/label><input type=\"hidden\" name=\"_mc4wp_timestamp\" value=\"1775406369\" \/><input type=\"hidden\" name=\"_mc4wp_form_id\" value=\"1793\" \/><input type=\"hidden\" name=\"_mc4wp_form_element_id\" value=\"mc4wp-form-1\" \/><div class=\"mc4wp-response\"><\/div><\/form><!-- \/ Mailchimp for WordPress Plugin -->[\/vc_column_text][\/vc_column][vc_column width=&#8221;1\/6&#8243;][\/vc_column][\/vc_row]<\/p>\n","protected":false},"excerpt":{"rendered":"<p>[vc_row css=&#8221;.vc_custom_1610035565321{padding-top: 100px !important;padding-bottom: 100px !important;}&#8221;][vc_column width=&#8221;1\/6&#8243;][\/vc_column][vc_column width=&#8221;2\/3&#8243; el_class=&#8221;footer&#8221;][vc_column_text][\/vc_column_text][\/vc_column][vc_column width=&#8221;1\/6&#8243;][\/vc_column][\/vc_row]<\/p>\n","protected":false},"author":1,"featured_media":0,"parent":0,"menu_order":0,"comment_status":"closed","ping_status":"closed","template":"","meta":{"footnotes":""},"class_list":["post-101261","page","type-page","status-publish","hentry"],"acf":[],"yoast_head":"<!-- This site is optimized with the Yoast SEO plugin v27.0 - https:\/\/yoast.com\/product\/yoast-seo-wordpress\/ -->\n<title>Subscribe to the newsletter - inMont<\/title>\n<meta name=\"robots\" content=\"index, follow, max-snippet:-1, max-image-preview:large, max-video-preview:-1\" \/>\n<link rel=\"canonical\" href=\"https:\/\/inmont.it\/en\/subscribe-to-the-newsletter\/\" \/>\n<meta property=\"og:locale\" content=\"en_US\" \/>\n<meta property=\"og:type\" content=\"article\" \/>\n<meta property=\"og:title\" content=\"Subscribe to the newsletter - inMont\" \/>\n<meta property=\"og:description\" content=\"[vc_row css=&#8221;.vc_custom_1610035565321{padding-top: 100px !important;padding-bottom: 100px !important;}&#8221;][vc_column width=&#8221;1\/6&#8243;][\/vc_column][vc_column width=&#8221;2\/3&#8243; el_class=&#8221;footer&#8221;][vc_column_text][\/vc_column_text][\/vc_column][vc_column width=&#8221;1\/6&#8243;][\/vc_column][\/vc_row]\" \/>\n<meta property=\"og:url\" content=\"https:\/\/inmont.it\/en\/subscribe-to-the-newsletter\/\" \/>\n<meta property=\"og:site_name\" content=\"inMont\" \/>\n<meta property=\"article:publisher\" content=\"https:\/\/www.facebook.com\/InMont-Guide-Alpine-Scuola-di-Alpinismo-181967621829146\/?fref=ts\" \/>\n<meta property=\"article:modified_time\" content=\"2021-04-19T09:21:11+00:00\" \/>\n<meta name=\"twitter:card\" content=\"summary_large_image\" \/>\n<script type=\"application\/ld+json\" class=\"yoast-schema-graph\">{\"@context\":\"https:\/\/schema.org\",\"@graph\":[{\"@type\":\"WebPage\",\"@id\":\"https:\/\/inmont.it\/en\/subscribe-to-the-newsletter\/\",\"url\":\"https:\/\/inmont.it\/en\/subscribe-to-the-newsletter\/\",\"name\":\"Subscribe to the newsletter - inMont\",\"isPartOf\":{\"@id\":\"https:\/\/inmont.it\/en\/#website\"},\"datePublished\":\"2021-04-19T09:20:32+00:00\",\"dateModified\":\"2021-04-19T09:21:11+00:00\",\"breadcrumb\":{\"@id\":\"https:\/\/inmont.it\/en\/subscribe-to-the-newsletter\/#breadcrumb\"},\"inLanguage\":\"en-US\",\"potentialAction\":[{\"@type\":\"ReadAction\",\"target\":[\"https:\/\/inmont.it\/en\/subscribe-to-the-newsletter\/\"]}]},{\"@type\":\"BreadcrumbList\",\"@id\":\"https:\/\/inmont.it\/en\/subscribe-to-the-newsletter\/#breadcrumb\",\"itemListElement\":[{\"@type\":\"ListItem\",\"position\":1,\"name\":\"Home\",\"item\":\"https:\/\/inmont.it\/en\/\"},{\"@type\":\"ListItem\",\"position\":2,\"name\":\"Subscribe to the newsletter\"}]},{\"@type\":\"WebSite\",\"@id\":\"https:\/\/inmont.it\/en\/#website\",\"url\":\"https:\/\/inmont.it\/en\/\",\"name\":\"inMont\",\"description\":\"Guide Alpine | Scuola di Alpinismo | Viaggi Avventura\",\"publisher\":{\"@id\":\"https:\/\/inmont.it\/en\/#organization\"},\"potentialAction\":[{\"@type\":\"SearchAction\",\"target\":{\"@type\":\"EntryPoint\",\"urlTemplate\":\"https:\/\/inmont.it\/en\/?s={search_term_string}\"},\"query-input\":{\"@type\":\"PropertyValueSpecification\",\"valueRequired\":true,\"valueName\":\"search_term_string\"}}],\"inLanguage\":\"en-US\"},{\"@type\":\"Organization\",\"@id\":\"https:\/\/inmont.it\/en\/#organization\",\"name\":\"InMont \/Guide Alpine\/Scuola di Alpinismo\/Viaggi Avventura\",\"url\":\"https:\/\/inmont.it\/en\/\",\"logo\":{\"@type\":\"ImageObject\",\"inLanguage\":\"en-US\",\"@id\":\"https:\/\/inmont.it\/en\/#\/schema\/logo\/image\/\",\"url\":\"https:\/\/inmont.it\/wp-content\/uploads\/2016\/04\/logo-inmont-e1587224560635.jpg\",\"contentUrl\":\"https:\/\/inmont.it\/wp-content\/uploads\/2016\/04\/logo-inmont-e1587224560635.jpg\",\"width\":120,\"height\":120,\"caption\":\"InMont \/Guide Alpine\/Scuola di Alpinismo\/Viaggi Avventura\"},\"image\":{\"@id\":\"https:\/\/inmont.it\/en\/#\/schema\/logo\/image\/\"},\"sameAs\":[\"https:\/\/www.facebook.com\/InMont-Guide-Alpine-Scuola-di-Alpinismo-181967621829146\/?fref=ts\",\"https:\/\/www.instagram.com\/inmont.web\/\",\"https:\/\/www.youtube.com\/channel\/UC7c_B7gyHDV1jXfZ1G4sgRA\"]}]}<\/script>\n<!-- \/ Yoast SEO plugin. -->","yoast_head_json":{"title":"Subscribe to the newsletter - inMont","robots":{"index":"index","follow":"follow","max-snippet":"max-snippet:-1","max-image-preview":"max-image-preview:large","max-video-preview":"max-video-preview:-1"},"canonical":"https:\/\/inmont.it\/en\/subscribe-to-the-newsletter\/","og_locale":"en_US","og_type":"article","og_title":"Subscribe to the newsletter - inMont","og_description":"[vc_row css=&#8221;.vc_custom_1610035565321{padding-top: 100px !important;padding-bottom: 100px !important;}&#8221;][vc_column width=&#8221;1\/6&#8243;][\/vc_column][vc_column width=&#8221;2\/3&#8243; el_class=&#8221;footer&#8221;][vc_column_text][\/vc_column_text][\/vc_column][vc_column width=&#8221;1\/6&#8243;][\/vc_column][\/vc_row]","og_url":"https:\/\/inmont.it\/en\/subscribe-to-the-newsletter\/","og_site_name":"inMont","article_publisher":"https:\/\/www.facebook.com\/InMont-Guide-Alpine-Scuola-di-Alpinismo-181967621829146\/?fref=ts","article_modified_time":"2021-04-19T09:21:11+00:00","twitter_card":"summary_large_image","schema":{"@context":"https:\/\/schema.org","@graph":[{"@type":"WebPage","@id":"https:\/\/inmont.it\/en\/subscribe-to-the-newsletter\/","url":"https:\/\/inmont.it\/en\/subscribe-to-the-newsletter\/","name":"Subscribe to the newsletter - inMont","isPartOf":{"@id":"https:\/\/inmont.it\/en\/#website"},"datePublished":"2021-04-19T09:20:32+00:00","dateModified":"2021-04-19T09:21:11+00:00","breadcrumb":{"@id":"https:\/\/inmont.it\/en\/subscribe-to-the-newsletter\/#breadcrumb"},"inLanguage":"en-US","potentialAction":[{"@type":"ReadAction","target":["https:\/\/inmont.it\/en\/subscribe-to-the-newsletter\/"]}]},{"@type":"BreadcrumbList","@id":"https:\/\/inmont.it\/en\/subscribe-to-the-newsletter\/#breadcrumb","itemListElement":[{"@type":"ListItem","position":1,"name":"Home","item":"https:\/\/inmont.it\/en\/"},{"@type":"ListItem","position":2,"name":"Subscribe to the newsletter"}]},{"@type":"WebSite","@id":"https:\/\/inmont.it\/en\/#website","url":"https:\/\/inmont.it\/en\/","name":"inMont","description":"Guide Alpine | Scuola di Alpinismo | Viaggi Avventura","publisher":{"@id":"https:\/\/inmont.it\/en\/#organization"},"potentialAction":[{"@type":"SearchAction","target":{"@type":"EntryPoint","urlTemplate":"https:\/\/inmont.it\/en\/?s={search_term_string}"},"query-input":{"@type":"PropertyValueSpecification","valueRequired":true,"valueName":"search_term_string"}}],"inLanguage":"en-US"},{"@type":"Organization","@id":"https:\/\/inmont.it\/en\/#organization","name":"InMont \/Guide Alpine\/Scuola di Alpinismo\/Viaggi Avventura","url":"https:\/\/inmont.it\/en\/","logo":{"@type":"ImageObject","inLanguage":"en-US","@id":"https:\/\/inmont.it\/en\/#\/schema\/logo\/image\/","url":"https:\/\/inmont.it\/wp-content\/uploads\/2016\/04\/logo-inmont-e1587224560635.jpg","contentUrl":"https:\/\/inmont.it\/wp-content\/uploads\/2016\/04\/logo-inmont-e1587224560635.jpg","width":120,"height":120,"caption":"InMont \/Guide Alpine\/Scuola di Alpinismo\/Viaggi Avventura"},"image":{"@id":"https:\/\/inmont.it\/en\/#\/schema\/logo\/image\/"},"sameAs":["https:\/\/www.facebook.com\/InMont-Guide-Alpine-Scuola-di-Alpinismo-181967621829146\/?fref=ts","https:\/\/www.instagram.com\/inmont.web\/","https:\/\/www.youtube.com\/channel\/UC7c_B7gyHDV1jXfZ1G4sgRA"]}]}},"_links":{"self":[{"href":"https:\/\/inmont.it\/en\/wp-json\/wp\/v2\/pages\/101261","targetHints":{"allow":["GET"]}}],"collection":[{"href":"https:\/\/inmont.it\/en\/wp-json\/wp\/v2\/pages"}],"about":[{"href":"https:\/\/inmont.it\/en\/wp-json\/wp\/v2\/types\/page"}],"author":[{"embeddable":true,"href":"https:\/\/inmont.it\/en\/wp-json\/wp\/v2\/users\/1"}],"replies":[{"embeddable":true,"href":"https:\/\/inmont.it\/en\/wp-json\/wp\/v2\/comments?post=101261"}],"version-history":[{"count":2,"href":"https:\/\/inmont.it\/en\/wp-json\/wp\/v2\/pages\/101261\/revisions"}],"predecessor-version":[{"id":101263,"href":"https:\/\/inmont.it\/en\/wp-json\/wp\/v2\/pages\/101261\/revisions\/101263"}],"wp:attachment":[{"href":"https:\/\/inmont.it\/en\/wp-json\/wp\/v2\/media?parent=101261"}],"curies":[{"name":"wp","href":"https:\/\/api.w.org\/{rel}","templated":true}]}}